{"id":322,"date":"2024-12-10T19:39:08","date_gmt":"2024-12-10T19:39:08","guid":{"rendered":"https:\/\/info.helpii.se\/?page_id=322"},"modified":"2025-01-21T11:22:25","modified_gmt":"2025-01-21T11:22:25","slug":"blogg-2","status":"publish","type":"page","link":"https:\/\/info.helpii.se\/en\/blogg-2\/","title":{"rendered":"blog"},"content":{"rendered":"<div data-elementor-type=\"wp-page\" data-elementor-id=\"322\" class=\"elementor elementor-322\">\n\t\t\t\t<div class=\"elementor-element elementor-element-e2389cd e-flex e-con-boxed e-con e-parent\" data-id=\"e2389cd\" data-element_type=\"container\" data-settings=\"{&quot;background_background&quot;:&quot;classic&quot;}\">\n\t\t\t\t\t<div class=\"e-con-inner\">\n\t\t<div class=\"elementor-element elementor-element-15b6790 e-con-full e-flex e-con e-child\" data-id=\"15b6790\" data-element_type=\"container\">\n\t\t\t\t<div class=\"elementor-element elementor-element-7844a56 elementor-widget elementor-widget-spacer\" data-id=\"7844a56\" data-element_type=\"widget\" data-widget_type=\"spacer.default\">\n\t\t\t\t<div class=\"elementor-widget-container\">\n\t\t\t\t\t\t\t<div class=\"elementor-spacer\">\n\t\t\t<div class=\"elementor-spacer-inner\"><\/div>\n\t\t<\/div>\n\t\t\t\t\t\t<\/div>\n\t\t\t\t<\/div>\n\t\t\t\t<div class=\"elementor-element elementor-element-c7ece8b elementor-widget elementor-widget-heading\" data-id=\"c7ece8b\" data-element_type=\"widget\" data-widget_type=\"heading.default\">\n\t\t\t\t<div class=\"elementor-widget-container\">\n\t\t\t\t\t<h2 class=\"elementor-heading-title elementor-size-default\">Download the app today!<\/h2>\t\t\t\t<\/div>\n\t\t\t\t<\/div>\n\t\t<div class=\"elementor-element elementor-element-4b505d9 e-grid e-con-full e-con e-child\" data-id=\"4b505d9\" data-element_type=\"container\">\n\t\t\t\t<div class=\"elementor-element elementor-element-9cad9e1 elementor-invisible elementor-widget elementor-widget-image\" data-id=\"9cad9e1\" data-element_type=\"widget\" data-settings=\"{&quot;_animation&quot;:&quot;fadeInUp&quot;}\" data-widget_type=\"image.default\">\n\t\t\t\t<div class=\"elementor-widget-container\">\n\t\t\t\t\t\t\t\t\t\t\t\t\t\t\t\t<a href=\"https:\/\/play.google.com\/store\/apps\/details?id=com.helpii.app\">\n\t\t\t\t\t\t\t<img fetchpriority=\"high\" decoding=\"async\" width=\"3200\" height=\"1200\" src=\"https:\/\/info.helpii.se\/wp-content\/uploads\/2024\/12\/android.png\" class=\"attachment-full size-full wp-image-162\" alt=\"android\" srcset=\"https:\/\/info.helpii.se\/wp-content\/uploads\/2024\/12\/android.png 3200w, https:\/\/info.helpii.se\/wp-content\/uploads\/2024\/12\/android-300x113.png 300w, https:\/\/info.helpii.se\/wp-content\/uploads\/2024\/12\/android-1024x384.png 1024w, https:\/\/info.helpii.se\/wp-content\/uploads\/2024\/12\/android-768x288.png 768w, https:\/\/info.helpii.se\/wp-content\/uploads\/2024\/12\/android-1536x576.png 1536w, https:\/\/info.helpii.se\/wp-content\/uploads\/2024\/12\/android-2048x768.png 2048w\" sizes=\"(max-width: 3200px) 100vw, 3200px\" \/>\t\t\t\t\t\t\t\t<\/a>\n\t\t\t\t\t\t\t\t\t\t\t\t\t\t\t<\/div>\n\t\t\t\t<\/div>\n\t\t\t\t<div class=\"elementor-element elementor-element-7e71555 animated-slow elementor-invisible elementor-widget elementor-widget-image\" data-id=\"7e71555\" data-element_type=\"widget\" data-settings=\"{&quot;_animation&quot;:&quot;fadeInUp&quot;}\" data-widget_type=\"image.default\">\n\t\t\t\t<div class=\"elementor-widget-container\">\n\t\t\t\t\t\t\t\t\t\t\t\t\t\t\t\t<a href=\"https:\/\/apps.apple.com\/se\/app\/helpii-hundvakt-tr%C3%A4dg%C3%A5rd\/id6449034552\">\n\t\t\t\t\t\t\t<img decoding=\"async\" width=\"3200\" height=\"1200\" src=\"https:\/\/info.helpii.se\/wp-content\/uploads\/2024\/12\/apple.png\" class=\"attachment-full size-full wp-image-163\" alt=\"appstore\" srcset=\"https:\/\/info.helpii.se\/wp-content\/uploads\/2024\/12\/apple.png 3200w, https:\/\/info.helpii.se\/wp-content\/uploads\/2024\/12\/apple-300x113.png 300w, https:\/\/info.helpii.se\/wp-content\/uploads\/2024\/12\/apple-1024x384.png 1024w, https:\/\/info.helpii.se\/wp-content\/uploads\/2024\/12\/apple-768x288.png 768w, https:\/\/info.helpii.se\/wp-content\/uploads\/2024\/12\/apple-1536x576.png 1536w, https:\/\/info.helpii.se\/wp-content\/uploads\/2024\/12\/apple-2048x768.png 2048w\" sizes=\"(max-width: 3200px) 100vw, 3200px\" \/>\t\t\t\t\t\t\t\t<\/a>\n\t\t\t\t\t\t\t\t\t\t\t\t\t\t\t<\/div>\n\t\t\t\t<\/div>\n\t\t\t\t<\/div>\n\t\t\t\t<\/div>\n\t\t<div class=\"elementor-element elementor-element-260b05a e-con-full e-flex e-con e-child\" data-id=\"260b05a\" data-element_type=\"container\">\n\t\t\t\t<div class=\"elementor-element elementor-element-f32878f elementor-widget elementor-widget-heading\" data-id=\"f32878f\" data-element_type=\"widget\" data-widget_type=\"heading.default\">\n\t\t\t\t<div class=\"elementor-widget-container\">\n\t\t\t\t\t<h1 class=\"elementor-heading-title elementor-size-default\">Blog<\/h1>\t\t\t\t<\/div>\n\t\t\t\t<\/div>\n\t\t\t\t<div class=\"elementor-element elementor-element-47792ce elementor-widget elementor-widget-elementskit-blog-posts\" data-id=\"47792ce\" data-element_type=\"widget\" data-widget_type=\"elementskit-blog-posts.default\">\n\t\t\t\t<div class=\"elementor-widget-container\">\n\t\t\t\t\t<div class=\"ekit-wid-con\" >        <div id=\"post-items--47792ce\" class=\"row post-items\">\n                    <div class=\"col-md-12\">\n\n                                    <div class=\"elementskit-blog-block-post\">\n                        <div class=\"row no-gutters\">\n                            \n                            <div class=\"col-md-12 order-1\">\n                                <div class=\"elementskit-post-body\">\n                                    <div class=\"elementskit-entry-header\">\n                                        \n                                            \n                                                                                            \t\t\t\t<h2 class=\"entry-title\">\n\t\t\t\t\t<a href=\"https:\/\/info.helpii.se\/en\/det-finns-fler-hjalpsamma-manniskor-an-du-tror-de-bor-nara-dig-pa-helpii\/\">\n\t\t\t\t\t\tFler hj\u00e4lpsamma m\u00e4nniskor \u2013 de bor n\u00e4ra dig &amp; p\u00e5 helpii\t\t\t\t\t<\/a>\n\t\t\t\t<\/h2>\n\t\t\t                                            \n                                                                                <\/div><!-- .elementskit-entry-header END -->\n\n                                                                            <div class=\"elementskit-post-footer\">\n                                                                                            <p>Folk som vill hj\u00e4lpa varandra \u2013 f\u00f6r en rimlig peng \u2013 finns. P\u00e5 riktigt. Och de bor i ditt omr\u00e5de. helpii v\u00e4xer. Inte f\u00f6r att vi skriker h\u00f6gst,&hellip;<\/p>\n                                                                                                                                        \t\t\t\t\t\t\t\t\t\t\t<div class=\"post-meta-list\">\n\t\t\t\t\t\t\t\t\t\t\t\t\t\t\t\t\t\t\t\t\t\t\t\t\t\t\t\t\t\t\t\t<span class=\"meta-date\">\n\t\t\t\t\t\t\t\t\t\t<i aria-hidden=\"true\" class=\"icon icon-calendar3\"><\/i>\t\t\t\t\t\t\t\t\t\t<span class=\"meta-date-text\">\n\t\t\t\t\t\t\t\t\t\t\tDecember 15, 2025\t\t\t\t\t\t\t\t\t\t<\/span>\n\t\t\t\t\t\t\t\t\t<\/span>\n\t\t\t\t\t\t\t\t\t\t\t\t\t\t\t\t\t\t\t\t\t\t\t\t\t\t\t\t\t\t\t\t\t\t\t\t\t<\/div>\n\t\t\t\t\t                                                                                    <\/div><!-- .elementskit-post-footer END -->\n                                                                    <\/div><!-- .elementskit-post-body END -->\n                            <\/div>\n                        <\/div>\n                    <\/div><!-- .elementskit-blog-block-post .radius .gradient-bg END -->\n                \n            <\/div>\n                    <div class=\"col-md-12\">\n\n                                    <div class=\"elementskit-blog-block-post\">\n                        <div class=\"row no-gutters\">\n                            \n                            <div class=\"col-md-12 order-1\">\n                                <div class=\"elementskit-post-body\">\n                                    <div class=\"elementskit-entry-header\">\n                                        \n                                            \n                                                                                            \t\t\t\t<h2 class=\"entry-title\">\n\t\t\t\t\t<a href=\"https:\/\/info.helpii.se\/en\/varfor-skapades-helpii\/\">\n\t\t\t\t\t\tWhy was helpii created?\t\t\t\t\t<\/a>\n\t\t\t\t<\/h2>\n\t\t\t                                            \n                                                                                <\/div><!-- .elementskit-entry-header END -->\n\n                                                                            <div class=\"elementskit-post-footer\">\n                                                                                            <p>helpii was born from a simple but powerful idea: to build a platform where people, regardless of age, can meet, help each other and create genuine human interactions.<\/p>\n                                                                                                                                        \t\t\t\t\t\t\t\t\t\t\t<div class=\"post-meta-list\">\n\t\t\t\t\t\t\t\t\t\t\t\t\t\t\t\t\t\t\t\t\t\t\t\t\t\t\t\t\t\t\t\t<span class=\"meta-date\">\n\t\t\t\t\t\t\t\t\t\t<i aria-hidden=\"true\" class=\"icon icon-calendar3\"><\/i>\t\t\t\t\t\t\t\t\t\t<span class=\"meta-date-text\">\n\t\t\t\t\t\t\t\t\t\t\tJanuary 15, 2025\t\t\t\t\t\t\t\t\t\t<\/span>\n\t\t\t\t\t\t\t\t\t<\/span>\n\t\t\t\t\t\t\t\t\t\t\t\t\t\t\t\t\t\t\t\t\t\t\t\t\t\t\t\t\t\t\t\t\t\t\t\t\t<\/div>\n\t\t\t\t\t                                                                                    <\/div><!-- .elementskit-post-footer END -->\n                                                                    <\/div><!-- .elementskit-post-body END -->\n                            <\/div>\n                        <\/div>\n                    <\/div><!-- .elementskit-blog-block-post .radius .gradient-bg END -->\n                \n            <\/div>\n                    <div class=\"col-md-12\">\n\n                                    <div class=\"elementskit-blog-block-post\">\n                        <div class=\"row no-gutters\">\n                            \n                            <div class=\"col-md-12 order-1\">\n                                <div class=\"elementskit-post-body\">\n                                    <div class=\"elementskit-entry-header\">\n                                        \n                                            \n                                                                                            \t\t\t\t<h2 class=\"entry-title\">\n\t\t\t\t\t<a href=\"https:\/\/info.helpii.se\/en\/gott-nytt-2025-fran-helpii-%f0%9f%8e%89\/\">\n\t\t\t\t\t\tHappy New Year 2025 from helpii! \ud83c\udf89\t\t\t\t\t<\/a>\n\t\t\t\t<\/h2>\n\t\t\t                                            \n                                                                                <\/div><!-- .elementskit-entry-header END -->\n\n                                                                            <div class=\"elementskit-post-footer\">\n                                                                                            <p>A new year is here, and with it comes lots of exciting news from us at helpii! We hope your year has started as well as ours\u2026<\/p>\n                                                                                                                                        \t\t\t\t\t\t\t\t\t\t\t<div class=\"post-meta-list\">\n\t\t\t\t\t\t\t\t\t\t\t\t\t\t\t\t\t\t\t\t\t\t\t\t\t\t\t\t\t\t\t\t<span class=\"meta-date\">\n\t\t\t\t\t\t\t\t\t\t<i aria-hidden=\"true\" class=\"icon icon-calendar3\"><\/i>\t\t\t\t\t\t\t\t\t\t<span class=\"meta-date-text\">\n\t\t\t\t\t\t\t\t\t\t\tJanuary 10, 2025\t\t\t\t\t\t\t\t\t\t<\/span>\n\t\t\t\t\t\t\t\t\t<\/span>\n\t\t\t\t\t\t\t\t\t\t\t\t\t\t\t\t\t\t\t\t\t\t\t\t\t\t\t\t\t\t\t\t\t\t\t\t\t<\/div>\n\t\t\t\t\t                                                                                    <\/div><!-- .elementskit-post-footer END -->\n                                                                    <\/div><!-- .elementskit-post-body END -->\n                            <\/div>\n                        <\/div>\n                    <\/div><!-- .elementskit-blog-block-post .radius .gradient-bg END -->\n                \n            <\/div>\n                    <div class=\"col-md-12\">\n\n                                    <div class=\"elementskit-blog-block-post\">\n                        <div class=\"row no-gutters\">\n                            \n                            <div class=\"col-md-12 order-1\">\n                                <div class=\"elementskit-post-body\">\n                                    <div class=\"elementskit-entry-header\">\n                                        \n                                            \n                                                                                            \t\t\t\t<h2 class=\"entry-title\">\n\t\t\t\t\t<a href=\"https:\/\/info.helpii.se\/en\/helpii-app\/\">\n\t\t\t\t\t\thelpii App\t\t\t\t\t<\/a>\n\t\t\t\t<\/h2>\n\t\t\t                                            \n                                                                                <\/div><!-- .elementskit-entry-header END -->\n\n                                                                            <div class=\"elementskit-post-footer\">\n                                                                                            <p>Publish an ad describing what you need help with \u2013 for example, cleaning, carpentry, babysitting, or something else.<\/p>\n                                                                                                                                        \t\t\t\t\t\t\t\t\t\t\t<div class=\"post-meta-list\">\n\t\t\t\t\t\t\t\t\t\t\t\t\t\t\t\t\t\t\t\t\t\t\t\t\t\t\t\t\t\t\t\t<span class=\"meta-date\">\n\t\t\t\t\t\t\t\t\t\t<i aria-hidden=\"true\" class=\"icon icon-calendar3\"><\/i>\t\t\t\t\t\t\t\t\t\t<span class=\"meta-date-text\">\n\t\t\t\t\t\t\t\t\t\t\tDecember 13, 2024\t\t\t\t\t\t\t\t\t\t<\/span>\n\t\t\t\t\t\t\t\t\t<\/span>\n\t\t\t\t\t\t\t\t\t\t\t\t\t\t\t\t\t\t\t\t\t\t\t\t\t\t\t\t\t\t\t\t\t\t\t\t\t<\/div>\n\t\t\t\t\t                                                                                    <\/div><!-- .elementskit-post-footer END -->\n                                                                    <\/div><!-- .elementskit-post-body END -->\n                            <\/div>\n                        <\/div>\n                    <\/div><!-- .elementskit-blog-block-post .radius .gradient-bg END -->\n                \n            <\/div>\n                    <div class=\"col-md-12\">\n\n                                    <div class=\"elementskit-blog-block-post\">\n                        <div class=\"row no-gutters\">\n                            \n                            <div class=\"col-md-12 order-1\">\n                                <div class=\"elementskit-post-body\">\n                                    <div class=\"elementskit-entry-header\">\n                                        \n                                            \n                                                                                            \t\t\t\t<h2 class=\"entry-title\">\n\t\t\t\t\t<a href=\"https:\/\/info.helpii.se\/en\/nu-har-vi-lanserat-den-nya-helpii-sajten-%f0%9f%8e%89\/\">\n\t\t\t\t\t\tNow we have launched the New helpii!\t\t\t\t\t<\/a>\n\t\t\t\t<\/h2>\n\t\t\t                                            \n                                                                                <\/div><!-- .elementskit-entry-header END -->\n\n                                                                            <div class=\"elementskit-post-footer\">\n                                                                                            <p>Why was helpii created? Happy New Year 2025 from helpii! \ud83c\udf89 helpii App We have now launched the New helpii! We have now launched the new helpii \ud83c\udf89 We are\u2026<\/p>\n                                                                                                                                        \t\t\t\t\t\t\t\t\t\t\t<div class=\"post-meta-list\">\n\t\t\t\t\t\t\t\t\t\t\t\t\t\t\t\t\t\t\t\t\t\t\t\t\t\t\t\t\t\t\t\t<span class=\"meta-date\">\n\t\t\t\t\t\t\t\t\t\t<i aria-hidden=\"true\" class=\"icon icon-calendar3\"><\/i>\t\t\t\t\t\t\t\t\t\t<span class=\"meta-date-text\">\n\t\t\t\t\t\t\t\t\t\t\tDecember 10, 2024\t\t\t\t\t\t\t\t\t\t<\/span>\n\t\t\t\t\t\t\t\t\t<\/span>\n\t\t\t\t\t\t\t\t\t\t\t\t\t\t\t\t\t\t\t\t\t\t\t\t\t\t\t\t\t\t\t\t\t\t\t\t\t<\/div>\n\t\t\t\t\t                                                                                    <\/div><!-- .elementskit-post-footer END -->\n                                                                    <\/div><!-- .elementskit-post-body END -->\n                            <\/div>\n                        <\/div>\n                    <\/div><!-- .elementskit-blog-block-post .radius .gradient-bg END -->\n                \n            <\/div>\n                <\/div>\n       <\/div>\t\t\t\t<\/div>\n\t\t\t\t<\/div>\n\t\t\t\t<\/div>\n\t\t\t\t\t<\/div>\n\t\t\t\t<\/div>\n\t\t\t\t<\/div>","protected":false},"excerpt":{"rendered":"<p>helpii blogg och nyheter. Allt det nyaste hittar du h\u00e4r.<\/p>","protected":false},"author":1,"featured_media":91,"parent":0,"menu_order":0,"comment_status":"closed","ping_status":"closed","template":"","meta":{"_monsterinsights_skip_tracking":false,"_monsterinsights_sitenote_active":false,"_monsterinsights_sitenote_note":"","_monsterinsights_sitenote_category":0,"footnotes":""},"class_list":["post-322","page","type-page","status-publish","has-post-thumbnail","hentry"],"aioseo_notices":[],"_links":{"self":[{"href":"https:\/\/info.helpii.se\/en\/wp-json\/wp\/v2\/pages\/322","targetHints":{"allow":["GET"]}}],"collection":[{"href":"https:\/\/info.helpii.se\/en\/wp-json\/wp\/v2\/pages"}],"about":[{"href":"https:\/\/info.helpii.se\/en\/wp-json\/wp\/v2\/types\/page"}],"author":[{"embeddable":true,"href":"https:\/\/info.helpii.se\/en\/wp-json\/wp\/v2\/users\/1"}],"replies":[{"embeddable":true,"href":"https:\/\/info.helpii.se\/en\/wp-json\/wp\/v2\/comments?post=322"}],"version-history":[{"count":55,"href":"https:\/\/info.helpii.se\/en\/wp-json\/wp\/v2\/pages\/322\/revisions"}],"predecessor-version":[{"id":1022,"href":"https:\/\/info.helpii.se\/en\/wp-json\/wp\/v2\/pages\/322\/revisions\/1022"}],"wp:featuredmedia":[{"embeddable":true,"href":"https:\/\/info.helpii.se\/en\/wp-json\/wp\/v2\/media\/91"}],"wp:attachment":[{"href":"https:\/\/info.helpii.se\/en\/wp-json\/wp\/v2\/media?parent=322"}],"curies":[{"name":"wp","href":"https:\/\/api.w.org\/{rel}","templated":true}]}}