{"id":926,"date":"2025-01-19T15:31:50","date_gmt":"2025-01-19T15:31:50","guid":{"rendered":"https:\/\/info.helpii.se\/?page_id=926"},"modified":"2025-01-19T16:37:29","modified_gmt":"2025-01-19T16:37:29","slug":"vi-ar-helpiis","status":"publish","type":"page","link":"https:\/\/info.helpii.se\/en\/vi-ar-helpiis\/","title":{"rendered":"we are helpii"},"content":{"rendered":"<div data-elementor-type=\"wp-page\" data-elementor-id=\"926\" class=\"elementor elementor-926\">\n\t\t\t\t<div class=\"elementor-element elementor-element-b7470ec e-con-full e-flex e-con e-parent\" data-id=\"b7470ec\" data-element_type=\"container\" data-settings=\"{&quot;background_background&quot;:&quot;classic&quot;}\">\n\t\t\t\t<div class=\"elementor-element elementor-element-e23fe21 elementor-invisible elementor-widget elementor-widget-heading\" data-id=\"e23fe21\" data-element_type=\"widget\" data-settings=\"{&quot;_animation&quot;:&quot;fadeIn&quot;}\" data-widget_type=\"heading.default\">\n\t\t\t\t<div class=\"elementor-widget-container\">\n\t\t\t\t\t<h2 class=\"elementor-heading-title elementor-size-default\">Services<\/h2>\t\t\t\t<\/div>\n\t\t\t\t<\/div>\n\t\t\t\t<div class=\"elementor-element elementor-element-bccd5cb elementor-widget__width-initial elementor-widget-mobile__width-initial elementor-invisible elementor-widget elementor-widget-text-editor\" data-id=\"bccd5cb\" data-element_type=\"widget\" data-settings=\"{&quot;_animation&quot;:&quot;fadeInUp&quot;}\" data-widget_type=\"text-editor.default\">\n\t\t\t\t<div class=\"elementor-widget-container\">\n\t\t\t\t\t\t\t\t\t<p>All deals on helpii benefit our community, or that's what we want them to do. Every time you help someone, you'll make a profit. And with every job you do, you'll make new contacts. It works both ways!<\/p>\t\t\t\t\t\t\t\t<\/div>\n\t\t\t\t<\/div>\n\t\t<div class=\"elementor-element elementor-element-59221be e-grid e-con-full e-con e-child\" data-id=\"59221be\" data-element_type=\"container\">\n\t\t\t\t<div class=\"elementor-element elementor-element-9a6c248 elementor-invisible elementor-widget elementor-widget-image\" data-id=\"9a6c248\" data-element_type=\"widget\" data-settings=\"{&quot;_animation&quot;:&quot;fadeInUp&quot;}\" data-widget_type=\"image.default\">\n\t\t\t\t<div class=\"elementor-widget-container\">\n\t\t\t\t\t\t\t\t\t\t\t\t\t\t\t\t<a href=\"https:\/\/play.google.com\/store\/apps\/details?id=com.helpii.app\">\n\t\t\t\t\t\t\t<img fetchpriority=\"high\" decoding=\"async\" width=\"3200\" height=\"1200\" src=\"https:\/\/info.helpii.se\/wp-content\/uploads\/2024\/12\/android.png\" class=\"attachment-full size-full wp-image-162\" alt=\"android\" srcset=\"https:\/\/info.helpii.se\/wp-content\/uploads\/2024\/12\/android.png 3200w, https:\/\/info.helpii.se\/wp-content\/uploads\/2024\/12\/android-300x113.png 300w, https:\/\/info.helpii.se\/wp-content\/uploads\/2024\/12\/android-1024x384.png 1024w, https:\/\/info.helpii.se\/wp-content\/uploads\/2024\/12\/android-768x288.png 768w, https:\/\/info.helpii.se\/wp-content\/uploads\/2024\/12\/android-1536x576.png 1536w, https:\/\/info.helpii.se\/wp-content\/uploads\/2024\/12\/android-2048x768.png 2048w\" sizes=\"(max-width: 3200px) 100vw, 3200px\" \/>\t\t\t\t\t\t\t\t<\/a>\n\t\t\t\t\t\t\t\t\t\t\t\t\t\t\t<\/div>\n\t\t\t\t<\/div>\n\t\t\t\t<div class=\"elementor-element elementor-element-19d907b animated-slow elementor-invisible elementor-widget elementor-widget-image\" data-id=\"19d907b\" data-element_type=\"widget\" data-settings=\"{&quot;_animation&quot;:&quot;fadeInUp&quot;}\" data-widget_type=\"image.default\">\n\t\t\t\t<div class=\"elementor-widget-container\">\n\t\t\t\t\t\t\t\t\t\t\t\t\t\t\t\t<a href=\"https:\/\/apps.apple.com\/se\/app\/helpii-hundvakt-tr%C3%A4dg%C3%A5rd\/id6449034552\">\n\t\t\t\t\t\t\t<img decoding=\"async\" width=\"3200\" height=\"1200\" src=\"https:\/\/info.helpii.se\/wp-content\/uploads\/2024\/12\/apple.png\" class=\"attachment-full size-full wp-image-163\" alt=\"appstore\" srcset=\"https:\/\/info.helpii.se\/wp-content\/uploads\/2024\/12\/apple.png 3200w, https:\/\/info.helpii.se\/wp-content\/uploads\/2024\/12\/apple-300x113.png 300w, https:\/\/info.helpii.se\/wp-content\/uploads\/2024\/12\/apple-1024x384.png 1024w, https:\/\/info.helpii.se\/wp-content\/uploads\/2024\/12\/apple-768x288.png 768w, https:\/\/info.helpii.se\/wp-content\/uploads\/2024\/12\/apple-1536x576.png 1536w, https:\/\/info.helpii.se\/wp-content\/uploads\/2024\/12\/apple-2048x768.png 2048w\" sizes=\"(max-width: 3200px) 100vw, 3200px\" \/>\t\t\t\t\t\t\t\t<\/a>\n\t\t\t\t\t\t\t\t\t\t\t\t\t\t\t<\/div>\n\t\t\t\t<\/div>\n\t\t\t\t<\/div>\n\t\t\t\t<\/div>\n\t\t<div class=\"elementor-element elementor-element-919fa51 e-flex e-con-boxed e-con e-parent\" data-id=\"919fa51\" data-element_type=\"container\" data-settings=\"{&quot;background_background&quot;:&quot;classic&quot;}\">\n\t\t\t\t\t<div class=\"e-con-inner\">\n\t\t<div class=\"elementor-element elementor-element-bb48b78 e-con-full e-flex elementor-invisible e-con e-child\" data-id=\"bb48b78\" data-element_type=\"container\" data-settings=\"{&quot;background_background&quot;:&quot;classic&quot;,&quot;animation&quot;:&quot;fadeInUp&quot;}\">\n\t\t\t\t<div class=\"elementor-element elementor-element-d7e0dc3 elementor-position-top elementor-widget elementor-widget-image-box\" data-id=\"d7e0dc3\" data-element_type=\"widget\" data-widget_type=\"image-box.default\">\n\t\t\t\t<div class=\"elementor-widget-container\">\n\t\t\t\t\t<div class=\"elementor-image-box-wrapper\"><figure class=\"elementor-image-box-img\"><img decoding=\"async\" width=\"878\" height=\"444\" src=\"https:\/\/info.helpii.se\/wp-content\/uploads\/2025\/01\/toni_dzalto.png\" class=\"attachment-full size-full wp-image-820\" alt=\"\" srcset=\"https:\/\/info.helpii.se\/wp-content\/uploads\/2025\/01\/toni_dzalto.png 878w, https:\/\/info.helpii.se\/wp-content\/uploads\/2025\/01\/toni_dzalto-300x152.png 300w, https:\/\/info.helpii.se\/wp-content\/uploads\/2025\/01\/toni_dzalto-768x388.png 768w\" sizes=\"(max-width: 878px) 100vw, 878px\" \/><\/figure><div class=\"elementor-image-box-content\"><h3 class=\"elementor-image-box-title\">Skill card<\/h3><p class=\"elementor-image-box-description\">You offer up to four services. You are one of hundreds in your area with the skills you can do for others! Get paid, have fun and make unique connections.<\/p><\/div><\/div>\t\t\t\t<\/div>\n\t\t\t\t<\/div>\n\t\t\t\t<\/div>\n\t\t<div class=\"elementor-element elementor-element-92705f3 e-con-full animated-slow e-flex elementor-invisible e-con e-child\" data-id=\"92705f3\" data-element_type=\"container\" data-settings=\"{&quot;background_background&quot;:&quot;classic&quot;,&quot;animation&quot;:&quot;fadeInUp&quot;}\">\n\t\t\t\t<div class=\"elementor-element elementor-element-78fc631 elementor-position-top elementor-widget elementor-widget-image-box\" data-id=\"78fc631\" data-element_type=\"widget\" data-widget_type=\"image-box.default\">\n\t\t\t\t<div class=\"elementor-widget-container\">\n\t\t\t\t\t<div class=\"elementor-image-box-wrapper\"><figure class=\"elementor-image-box-img\"><img loading=\"lazy\" decoding=\"async\" width=\"681\" height=\"385\" src=\"https:\/\/info.helpii.se\/wp-content\/uploads\/2025\/01\/Annons-Add2.png\" class=\"attachment-full size-full wp-image-966\" alt=\"annonskort privat\" srcset=\"https:\/\/info.helpii.se\/wp-content\/uploads\/2025\/01\/Annons-Add2.png 681w, https:\/\/info.helpii.se\/wp-content\/uploads\/2025\/01\/Annons-Add2-300x170.png 300w\" sizes=\"(max-width: 681px) 100vw, 681px\" \/><\/figure><div class=\"elementor-image-box-content\"><h3 class=\"elementor-image-box-title\">ADS<\/h3><p class=\"elementor-image-box-description\">Post ads for free! Need help in your area, post an ad! Tell them what skills they need and how much you're willing to pay.<\/p><\/div><\/div>\t\t\t\t<\/div>\n\t\t\t\t<\/div>\n\t\t\t\t<\/div>\n\t\t<div class=\"elementor-element elementor-element-ff958e2 e-con-full animated-fast e-flex elementor-invisible e-con e-child\" data-id=\"ff958e2\" data-element_type=\"container\" data-settings=\"{&quot;background_background&quot;:&quot;classic&quot;,&quot;animation&quot;:&quot;fadeInUp&quot;}\">\n\t\t\t\t<div class=\"elementor-element elementor-element-1122ad7 elementor-position-top elementor-widget elementor-widget-image-box\" data-id=\"1122ad7\" data-element_type=\"widget\" data-widget_type=\"image-box.default\">\n\t\t\t\t<div class=\"elementor-widget-container\">\n\t\t\t\t\t<div class=\"elementor-image-box-wrapper\"><figure class=\"elementor-image-box-img\"><img loading=\"lazy\" decoding=\"async\" width=\"1379\" height=\"765\" src=\"https:\/\/info.helpii.se\/wp-content\/uploads\/2025\/01\/annons-fforetag.png\" class=\"attachment-full size-full wp-image-968\" alt=\"kort p\u00e5 annons\" srcset=\"https:\/\/info.helpii.se\/wp-content\/uploads\/2025\/01\/annons-fforetag.png 1379w, https:\/\/info.helpii.se\/wp-content\/uploads\/2025\/01\/annons-fforetag-300x166.png 300w, https:\/\/info.helpii.se\/wp-content\/uploads\/2025\/01\/annons-fforetag-1024x568.png 1024w, https:\/\/info.helpii.se\/wp-content\/uploads\/2025\/01\/annons-fforetag-768x426.png 768w\" sizes=\"(max-width: 1379px) 100vw, 1379px\" \/><\/figure><div class=\"elementor-image-box-content\"><h3 class=\"elementor-image-box-title\">Business<\/h3><p class=\"elementor-image-box-description\">Stay where young people stay! Not only do you offer jobs in different areas. But you show the same things that our users want to work with. Maybe you will find each other right here?<\/p><\/div><\/div>\t\t\t\t<\/div>\n\t\t\t\t<\/div>\n\t\t\t\t<\/div>\n\t\t<div class=\"elementor-element elementor-element-7b6a1f0 e-con-full animated-slow e-flex elementor-invisible e-con e-child\" data-id=\"7b6a1f0\" data-element_type=\"container\" data-settings=\"{&quot;background_background&quot;:&quot;classic&quot;,&quot;animation&quot;:&quot;fadeInUp&quot;}\">\n\t\t\t\t<div class=\"elementor-element elementor-element-932728c elementor-position-top elementor-widget elementor-widget-image-box\" data-id=\"932728c\" data-element_type=\"widget\" data-widget_type=\"image-box.default\">\n\t\t\t\t<div class=\"elementor-widget-container\">\n\t\t\t\t\t<div class=\"elementor-image-box-wrapper\"><figure class=\"elementor-image-box-img\"><img loading=\"lazy\" decoding=\"async\" width=\"1802\" height=\"904\" src=\"https:\/\/info.helpii.se\/wp-content\/uploads\/2025\/01\/Vattenslang-lana_verktyg.png\" class=\"attachment-full size-full wp-image-851\" alt=\"banner f\u00f6r verktyg att l\u00e5na\" srcset=\"https:\/\/info.helpii.se\/wp-content\/uploads\/2025\/01\/Vattenslang-lana_verktyg.png 1802w, https:\/\/info.helpii.se\/wp-content\/uploads\/2025\/01\/Vattenslang-lana_verktyg-300x150.png 300w, https:\/\/info.helpii.se\/wp-content\/uploads\/2025\/01\/Vattenslang-lana_verktyg-1024x514.png 1024w, https:\/\/info.helpii.se\/wp-content\/uploads\/2025\/01\/Vattenslang-lana_verktyg-768x385.png 768w, https:\/\/info.helpii.se\/wp-content\/uploads\/2025\/01\/Vattenslang-lana_verktyg-1536x771.png 1536w\" sizes=\"(max-width: 1802px) 100vw, 1802px\" \/><\/figure><div class=\"elementor-image-box-content\"><h3 class=\"elementor-image-box-title\">Tools \/ coming soon!<\/h3><p class=\"elementor-image-box-description\">Are you a carpenter? Then you can lend tools to your neighbors for a small fee. Win-win, we say! The neighbor doesn't have to buy and you get a little return on your investment.<\/p><\/div><\/div>\t\t\t\t<\/div>\n\t\t\t\t<\/div>\n\t\t\t\t<\/div>\n\t\t\t\t\t<\/div>\n\t\t\t\t<\/div>\n\t\t<div class=\"elementor-element elementor-element-7ac36b7 e-flex e-con-boxed e-con e-parent\" data-id=\"7ac36b7\" data-element_type=\"container\" data-settings=\"{&quot;background_background&quot;:&quot;classic&quot;}\">\n\t\t\t\t\t<div class=\"e-con-inner\">\n\t\t<div class=\"elementor-element elementor-element-95000ea e-grid e-con-full e-con e-child\" data-id=\"95000ea\" data-element_type=\"container\">\n\t\t\t\t<div class=\"elementor-element elementor-element-e75ac39 elementor-invisible elementor-widget elementor-widget-image\" data-id=\"e75ac39\" data-element_type=\"widget\" data-settings=\"{&quot;_animation&quot;:&quot;fadeInUp&quot;}\" data-widget_type=\"image.default\">\n\t\t\t\t<div class=\"elementor-widget-container\">\n\t\t\t\t\t\t\t\t\t\t\t\t\t\t\t\t<a href=\"https:\/\/play.google.com\/store\/apps\/details?id=com.helpii.app\">\n\t\t\t\t\t\t\t<img fetchpriority=\"high\" decoding=\"async\" width=\"3200\" height=\"1200\" src=\"https:\/\/info.helpii.se\/wp-content\/uploads\/2024\/12\/android.png\" class=\"attachment-full size-full wp-image-162\" alt=\"android\" srcset=\"https:\/\/info.helpii.se\/wp-content\/uploads\/2024\/12\/android.png 3200w, https:\/\/info.helpii.se\/wp-content\/uploads\/2024\/12\/android-300x113.png 300w, https:\/\/info.helpii.se\/wp-content\/uploads\/2024\/12\/android-1024x384.png 1024w, https:\/\/info.helpii.se\/wp-content\/uploads\/2024\/12\/android-768x288.png 768w, https:\/\/info.helpii.se\/wp-content\/uploads\/2024\/12\/android-1536x576.png 1536w, https:\/\/info.helpii.se\/wp-content\/uploads\/2024\/12\/android-2048x768.png 2048w\" sizes=\"(max-width: 3200px) 100vw, 3200px\" \/>\t\t\t\t\t\t\t\t<\/a>\n\t\t\t\t\t\t\t\t\t\t\t\t\t\t\t<\/div>\n\t\t\t\t<\/div>\n\t\t\t\t<div class=\"elementor-element elementor-element-2afef8b animated-slow elementor-invisible elementor-widget elementor-widget-image\" data-id=\"2afef8b\" data-element_type=\"widget\" data-settings=\"{&quot;_animation&quot;:&quot;fadeInUp&quot;}\" data-widget_type=\"image.default\">\n\t\t\t\t<div class=\"elementor-widget-container\">\n\t\t\t\t\t\t\t\t\t\t\t\t\t\t\t\t<a href=\"https:\/\/apps.apple.com\/se\/app\/helpii-hundvakt-tr%C3%A4dg%C3%A5rd\/id6449034552\">\n\t\t\t\t\t\t\t<img decoding=\"async\" width=\"3200\" height=\"1200\" src=\"https:\/\/info.helpii.se\/wp-content\/uploads\/2024\/12\/apple.png\" class=\"attachment-full size-full wp-image-163\" alt=\"appstore\" srcset=\"https:\/\/info.helpii.se\/wp-content\/uploads\/2024\/12\/apple.png 3200w, https:\/\/info.helpii.se\/wp-content\/uploads\/2024\/12\/apple-300x113.png 300w, https:\/\/info.helpii.se\/wp-content\/uploads\/2024\/12\/apple-1024x384.png 1024w, https:\/\/info.helpii.se\/wp-content\/uploads\/2024\/12\/apple-768x288.png 768w, https:\/\/info.helpii.se\/wp-content\/uploads\/2024\/12\/apple-1536x576.png 1536w, https:\/\/info.helpii.se\/wp-content\/uploads\/2024\/12\/apple-2048x768.png 2048w\" sizes=\"(max-width: 3200px) 100vw, 3200px\" \/>\t\t\t\t\t\t\t\t<\/a>\n\t\t\t\t\t\t\t\t\t\t\t\t\t\t\t<\/div>\n\t\t\t\t<\/div>\n\t\t\t\t<\/div>\n\t\t\t\t\t<\/div>\n\t\t\t\t<\/div>\n\t\t\t\t<\/div>","protected":false},"excerpt":{"rendered":"<p>Vad erbjuder vi som \u00e4r p\u00e5 helpii plattformen &#8211; den plattform d\u00e4r du hittar all slags hj\u00e4lp i vardagen.<\/p>","protected":false},"author":1,"featured_media":716,"parent":0,"menu_order":0,"comment_status":"closed","ping_status":"closed","template":"","meta":{"_monsterinsights_skip_tracking":false,"_monsterinsights_sitenote_active":false,"_monsterinsights_sitenote_note":"","_monsterinsights_sitenote_category":0,"footnotes":""},"class_list":["post-926","page","type-page","status-publish","has-post-thumbnail","hentry"],"aioseo_notices":[],"_links":{"self":[{"href":"https:\/\/info.helpii.se\/en\/wp-json\/wp\/v2\/pages\/926","targetHints":{"allow":["GET"]}}],"collection":[{"href":"https:\/\/info.helpii.se\/en\/wp-json\/wp\/v2\/pages"}],"about":[{"href":"https:\/\/info.helpii.se\/en\/wp-json\/wp\/v2\/types\/page"}],"author":[{"embeddable":true,"href":"https:\/\/info.helpii.se\/en\/wp-json\/wp\/v2\/users\/1"}],"replies":[{"embeddable":true,"href":"https:\/\/info.helpii.se\/en\/wp-json\/wp\/v2\/comments?post=926"}],"version-history":[{"count":49,"href":"https:\/\/info.helpii.se\/en\/wp-json\/wp\/v2\/pages\/926\/revisions"}],"predecessor-version":[{"id":986,"href":"https:\/\/info.helpii.se\/en\/wp-json\/wp\/v2\/pages\/926\/revisions\/986"}],"wp:featuredmedia":[{"embeddable":true,"href":"https:\/\/info.helpii.se\/en\/wp-json\/wp\/v2\/media\/716"}],"wp:attachment":[{"href":"https:\/\/info.helpii.se\/en\/wp-json\/wp\/v2\/media?parent=926"}],"curies":[{"name":"wp","href":"https:\/\/api.w.org\/{rel}","templated":true}]}}